{"id":197,"date":"2015-09-23T09:37:25","date_gmt":"2015-09-23T09:37:25","guid":{"rendered":"http:\/\/uran-deutsch-tschechischer-erinnerungsort.info\/?page_id=197"},"modified":"2017-03-09T23:23:21","modified_gmt":"2017-03-09T22:23:21","slug":"pouzita-literatura","status":"publish","type":"page","link":"https:\/\/uran-a-cesko-nemecka-mista-pameti.eu\/?page_id=197","title":{"rendered":"Literatura a odkazy"},"content":{"rendered":"<p><strong><em>Hornictv\u00ed v Kru\u0161noho\u0159\u00ed \u2013 spole\u010dn\u00e9 d\u011bdictv\u00ed<\/em><\/strong><\/p>\n<h2>Literatura<\/h2>\n<ul>\n<li>AUER, G\u00fcnter. Seydlitz Geographie: Bisherige Ausgabe f\u00fcr Gymnasien in Th\u00fcringen. Th\u00fcringen: Seydlitz, 2009.<\/li>\n<li>BUSCHMANN, Wolfgang. Der Annaberger Bergaltar: Von den Bergleuten und ihrem Maler Hans Hesse erz\u00e4hlt Wolfgang Buschmann. Mit zahlreichen farbigen Illustrationen. Berlin: Der Kinderbuchverlag, 1982.<\/li>\n<li>B\u011aHOUNEK, Franti\u0161ek. Atom d\u011bs\u00ed sv\u011bt: Od j\u00e1chymova k Bikini. Praha: Ing. Mikuta, 1947.<\/li>\n<li>BOC\u030cEK, Karel. Ani gram uranu okupantu\u030am! Praha:\u00a0Akropolis,\u00a02005.<\/li>\n<li>BUCHAROVI\u010c, Stanislav. J\u00e1chymov v zrcadle \u010dasu: stru\u010dn\u00e9 d\u011bjiny prvn\u00edch radonov\u00fdch l\u00e1zn\u00ed sv\u011bta = St. Joachimsthal im Spiegel der Zeit: Kurze Geschichte des ersten Radon-Bades der Welt. Karlovy Vary: Krajsk\u00e9 muzeum Karlovarsk\u00e9ho kraje, 2007.<\/li>\n<li>BUCHAROVI\u010c, Stanislav. Po stop\u00e1ch kru\u0161nohorsk\u00e9ho hornictv\u00ed. Karlovy Vary: Region\u00e1ln\u00ed sdru\u017een\u00ed Dialog, 2010.<\/li>\n<li>EIGENWILLIG Gerd Georg. Strahlenexposition und strahleninduzierte Berufskrankheiten im Uranbergbau am Beispiel Wismut. Darlegung des Arbeitskreises Uranbergbau und Radioaktive Altlasten (AKURA). In: Fortschritte im Strahlenschutz. 3. und erweiterte Auflage. K\u00f6ln: T\u00dcV-Verlag, 2000. 2. Auflage online: <a href=\"http:\/\/www.fs-ev.org\/fileadmin\/user_upload\/04_Arbeitsgruppen\/07_Natuerliche_Radioaktivitaet\/02_Dokumente\/Stellungnahmen_Veroeffentlichungen\/Radon\/FS-92-62-2-AKURAneu.pdf\">http:\/\/www.fs-ev.org\/fileadmin\/user_upload\/04_Arbeitsgruppen\/07_Natuerliche_Radioaktivitaet\/02_Dokumente\/Stellungnahmen_Veroeffentlichungen\/Radon\/FS-92-62-2-AKURAneu.pdf<\/a> (09.03.2017).<\/li>\n<li>GRYG\u00c1REK Ji\u0159\u00ed, Rozvoj a \u00fatlum rudn\u00e9ho a uranov\u00e9ho hornictv\u00ed na \u00fazem\u00ed \u010cesk\u00e9 republiky po roce 1945. V Ostrav\u011b: Klub p\u0159\u00e1tel hornick\u00e9ho muzea v Ostrav\u011b, 2014. 70 s.<\/li>\n<li>HAMANN, Stefan; Wolfgang SCHREIBER. <em>V<\/em>or Ort: auf den Spuren des Thu\u0308ringischen Uranerzbergbaus. Haltern: Bode, 2001, 160 S.<\/li>\n<li>H\u00c1LA, Ji\u0159\u00ed. Radioaktivita ionizuj\u00edc\u00ed z\u00e1\u0159en\u00ed, jadern\u00e1 energie. 1. vyd. Konvoj, 1998.<\/li>\n<li>HOLLOWAY, David. Stalin a bomba, Sov\u011btsk\u00fd svaz a jadern\u00e1 energie 1939-1956. Praha: Academia, 2008.<\/li>\n<li>HOR\u00c1K, Vladim\u00edr; SULDOVSK\u00dd, Josef. Kronika horn\u00edho m\u011bsta J\u00e1chymova a jeho hornictv\u00ed v kontextu d\u011bjin zem\u00ed Koruny \u010desk\u00e9. \u00dast\u00ed nad Labem: Studio 071, 2009.<\/li>\n<li>JAN\u010c\u00cdK, Drahom\u00edr. V\u00fdvoz \u010deskoslovensk\u00e9ho uranu do Sov\u011btsk\u00e9ho svazu v letech 1946\u20131959. Acta Oeconomica Pragensia, ro\u010d. 15, \u010d. 7, 2007.<\/li>\n<li>JISKRA, Jaroslav. T\u011b\u017eba st\u0159\u00edbrn\u00fdch rud v J\u00e1chymov\u011b v 16. stolet\u00ed. Plze\u0148: G2 studio, 2008.<\/li>\n<li>K\u00c1PAR, Franti\u0161ek. Historky z uranu. Vyd. 1. P\u0159\u00edbram: Knihovna Jana Drdy, 2004, 154 s.<\/li>\n<li>KAPLAN, Karel; PACL, Vladim\u00edr. Tajn\u00fd prostor J\u00e1chymov. \u010cesk\u00e9 Bud\u011bjovice: Actys, 1993.<\/li>\n<li>KARLSCH Rainer. Uran f\u00fcr Moskau. Die Wismut \u2013 Eine popul\u00e4re Geschichte. 3., aktualisierte Auflage. Berlin: Christoph Links, 2007. In Ausz\u00fcgen online: <a href=\"https:\/\/books.google.de\/books\/about\/Uran_f%C3%BCr_Moskau.html?id=dDeaEkWXKvYC&amp;redir_esc=y\">https:\/\/books.google.de\/books\/about\/Uran_f%C3%BCr_Moskau.html?id=dDeaEkWXKvYC&amp;redir_esc=y<\/a> (09.03.2017).<\/li>\n<li>KARLSCH Rainer, ZEMAN Zbyn\u011bk A. Urangeheimnisse. das Erzgebirge im Brennpunkt der Weltpolitik 1933\u20131960. Berlin: Christoph Links, 2002. In Ausz\u00fcgen online: <a href=\"https:\/\/books.google.de\/books\/about\/Urangeheimnisse.html?id=LPb9QInz6BoC&amp;redir_esc=y\">https:\/\/books.google.de\/books\/about\/Urangeheimnisse.html?id=LPb9QInz6BoC&amp;redir_esc=y<\/a> (09.03.2017).<\/li>\n<li>KROHA, Tyll. Vom Taler zum Dollar: Aus St. Joachimsthal in alle Welt. K\u00f6ln: Geldgeschichtliches Museum, 1981.<\/li>\n<li>LEPKA, Franti\u0161ek. \u010cesk\u00fd uran, 1945-2002: Nezn\u00e1m\u00e9 hospod\u00e1\u0159sk\u00e9 a politick\u00e9 souvislosti. Liberec: Kv\u011bta Vinkl\u00e1tov\u00e1 &#8211; KNIHY 555, 2003.<\/li>\n<li>LINKERT K. H., 2006; Das Uranerzfeld Schneeberg \u2013 Schlema \u2013 Alberoda im s\u00e4chsischen Westerzgebirge. Schriftenreihe des Museums Uranbergbau Heft 15, Bad Schlema 2006.<\/li>\n<li>M\u00c1\u0160OV\u00c1 Hana, T\u011a\u0160\u00cdNSK\u00c1 Emilie. Science in the Service of Occupational Health. The Case of the Commission for \u201cMiner\u2019s Disease of J\u00e1chymov\u201d in the Inter-war Czechoslovakia (= Prag Medical Report. 107, Nr. 4). 11. 22 2006, S. 447\u2013460. Online: <a href=\"http:\/\/pmr.cuni.cz\/Data\/files\/PragueMedicalReport\/04-06%20Masova.pdf%20http:\/\/\">http:\/\/pmr.cuni.cz\/Data\/files\/PragueMedicalReport\/04-06%20Masova.pdf <\/a>\u00a0( 25.02.2014).<\/li>\n<li>PLUSKAL, Oskar. Pova\u0301lec\u030cna\u0301 historie ja\u0301chymovske\u0301ho uranu: The post-war history of Czechoslovak uranium from Ja\u0301chymov (Joachimstahl). 1. vyd. Praha: C\u030cesky\u0301 geologicky\u0301 u\u0301stav, 1998, Pra\u0301ce C\u030ceske\u0301ho geologicke\u0301ho u\u0301stavu, 9.<\/li>\n<li>RUNGE Werner, WISMUT GmbH (Hrsg.): Chronik der Wismut. Chemnitz: Eigenverlag, 1999 (CD).<\/li>\n<li>BAUMANN,\u00a0 Ludwig; Ewald Kuschka; Thomas SEIFERT. Lagerst\u00e4tten des Erzgebirges. Stuttgart: Enke im Thieme-Verlag, 2000.<\/li>\n<li>SEIDLEROV\u00c1, Irena a Jan SEIDLER. J\u00e1chymovsk\u00e1 uranov\u00e1 ruda a v\u00fdzkum radioaktivity na p\u0159elomu 19.\u00a0a 20. stolet\u00ed. Praha: N\u00e1rodn\u00ed technick\u00e9 muzeum, 2007. Pr\u00e1ce z d\u011bjin techniky a p\u0159\u00edrodn\u00edch v\u011bd.<\/li>\n<li>SEIDLEROV\u00c1, Irena; Jan SEIDLER. J\u00e1chymover Uranerz und Radioaktivit\u00e4tsforschung um die Wende des 19.\/20. Jahrhunderts. Chemnitz: Universit\u00e4tsverlag, 2010. Online: <a href=\"http:\/\/www.qucosa.de\/fileadmin\/data\/qucosa\/documents\/6225\/Holze_Seidler_Uranerz_.pdf\">http:\/\/www.qucosa.de\/fileadmin\/data\/qucosa\/documents\/6225\/Holze_Seidler_Uranerz_.pdf<\/a> (05.04.2016).<\/li>\n<li>STOKLASA Julius. Die Bedeutung der Luftradioaktivit\u00e4t f\u00fcr die Entstehung der Joachimsthaler und Schneeberger Bergkrankheit (Deutsche medizinische Wochenschrift. 59, Nr. 31). Stuttgart: Georg Thieme, 1933, S. 1199\u20131200. Zusammenfassung online: <a href=\"https:\/\/www.thieme-connect.com\/products\/ejournals\/abstract\/10.1055\/s-0028-1141516\">https:\/\/www.thieme-connect.com\/products\/ejournals\/abstract\/10.1055\/s-0028-1141516<\/a> (09.03.2017).<\/li>\n<li>TITZMANN Oliver: Radiumbad Oberschlema. Die Geschichte eines Kurortes. Kurgesellschaft mbH Schlema, Schlema 1995.<\/li>\n<li>TOMEK, Prokop. \u010ceskoslovensk\u00fd uran 1945\u20131989, T\u011b\u017eba a prodej \u010deskoslovensk\u00e9ho uranu v \u00e9\u0159e komunismu. Praha: Se\u0161ity \u00daDV, \u010d. 1, 1999.<\/li>\n<li>TOM\u00cd\u010cEK, Rudolf. T\u011b\u017eba uranu v Horn\u00edm Slavkov\u011b. Sokolov: Okresn\u00ed muzeum Sokolov, 2000.<\/li>\n<li>WESCH, Horst; EISENMEGER Andreas; M\u0170LLER Klaus-Michael; WEITHEGE Thorsten. Radiologische Erfassung, Untersuchung und Bewertung bergbaulicher Altlasten-Gesundheitliche Bewertung. In: Bundesministerium f\u00fcr Umwelt, Naturschutz und Reaktorsicherheit (Hrsg.): Schriftenreihe Reaktorsicherheit und Strahlenschutz. Nr. 2005-652, 2005. Online: <a href=\"http:\/\/www.bmub.bund.de\/fileadmin\/bmu-import\/files\/strahlenschutz\/schriftenreihe_reaktorsicherheit_strahlenschutz\/application\/pdf\/schriftenreihe_rs652.pdf\">http:\/\/www.bmub.bund.de\/fileadmin\/bmu-import\/files\/strahlenschutz\/schriftenreihe_reaktorsicherheit_strahlenschutz\/application\/pdf\/schriftenreihe_rs652.pdf<\/a> (09.03.2017).<\/li>\n<\/ul>\n<h2>Odkazy<\/h2>\n<ul>\n<li><strong>Prohl\u00eddky kostelem sv. Anny<\/strong>, Annaberg-Buchholz: \u00a0<a href=\"http:\/\/www.kirche-annaberg-buchholz.de\/seite\/232445\/st.-annenkirche.html\">http:\/\/www.kirche-annaberg-buchholz.de\/seite\/232445\/st.-annenkirche.html<\/a> (str\u00e1nky jen v NJ)<\/li>\n<li><strong>Sasko-\u010cesk\u00e1 St\u0159\u00edbrn\u00e1 stezka<\/strong> \u2013 p\u0159eshrani\u010dn\u00ed z\u00e1\u017eitkov\u00fd region v Kru\u0161n\u00fdch hor\u00e1ch. Historick\u00e1 informace, mal\u00fd slovn\u00edk hornictv\u00ed: <a href=\"http:\/\/cs.silberstrasse.de\/\">http:\/\/cs.silberstrasse.de\/<\/a><\/li>\n<li><strong>Hornick\u00e1 kulturn\u00ed krajina Erzgebirge\/Kru\u0161noho\u0159\u00ed<\/strong>. P\u0159ehled o historick\u00e9m d\u011bdictv\u00ed hornictv\u00ed na \u010desk\u00e9 a n\u011bmeck\u00e9 strany Kru\u0161noho\u0159\u00ed, slovn\u00edk hornictv\u00ed: <a href=\"http:\/\/www.montanregion-erzgebirge.de\/cz.html\">http:\/\/www.montanregion-erzgebirge.de\/cz.html<\/a><\/li>\n<li><strong>Muzeum J\u00e1chymov<\/strong> s expozicemi o t\u011b\u017eb\u011b st\u0159\u00edbra a uranu i o radonov\u00e9m l\u00e1ze\u0148stv\u00ed: <a href=\"http:\/\/kvmuz.cz\/expozice-jachymov\">http:\/\/kvmuz.cz\/expozice-jachymov<\/a><\/li>\n<li><strong>\u017divotopis Marie Curie-Sklodowsk\u00e9<\/strong> na eduka\u010dn\u00edm port\u00e1lu Techmania Science Center: <a href=\"http:\/\/www.techmania.cz\/edutorium\/art_vedci.php?key=141\">http:\/\/www.techmania.cz\/edutorium\/art_vedci.php?key=141<\/a> \u00a0(09.03.2017)<\/li>\n<li><strong>Museum Uranbergbau [Muzeum t\u011b\u017eby uranu] Bad Schlema<\/strong>: <a href=\"http:\/\/www.uranerzbergbau.de\/uranbergbau\/startframe.htm\">http:\/\/www.uranerzbergbau.de\/uranbergbau\/startframe.htm<\/a> (str\u00e1nky jenom v NJ)<\/li>\n<li>Sb\u00edrka pohlednic k hudebn\u00edm a \u0159emesln\u00fdm tradic\u00edm Kru\u0161noho\u0159\u00ed: <a href=\"http:\/\/www.liedpostkarte.de\/index.html\">http:\/\/www.liedpostkarte.de\/index.html<\/a> (str\u00e1nky jenom v NJ)<\/li>\n<\/ul>\n","protected":false},"excerpt":{"rendered":"<p>Hornictv\u00ed v Kru\u0161noho\u0159\u00ed \u2013 spole\u010dn\u00e9 d\u011bdictv\u00ed Literatura AUER, G\u00fcnter. Seydlitz Geographie: Bisherige Ausgabe f\u00fcr Gymnasien in Th\u00fcringen. Th\u00fcringen: Seydlitz, 2009. BUSCHMANN, Wolfgang. Der Annaberger Bergaltar: Von den Bergleuten und ihrem Maler Hans Hesse erz\u00e4hlt Wolfgang Buschmann. Mit zahlreichen farbigen Illustrationen. Berlin: Der Kinderbuchverlag, 1982. B\u011aHOUNEK, Franti\u0161ek. Atom d\u011bs\u00ed sv\u011bt: Od j\u00e1chymova k Bikini. Praha: Ing. [&hellip;]<\/p>\n","protected":false},"author":4,"featured_media":0,"parent":150,"menu_order":0,"comment_status":"open","ping_status":"open","template":"","meta":{"footnotes":""},"class_list":["post-197","page","type-page","status-publish","hentry"],"_links":{"self":[{"href":"https:\/\/uran-a-cesko-nemecka-mista-pameti.eu\/index.php?rest_route=\/wp\/v2\/pages\/197","targetHints":{"allow":["GET"]}}],"collection":[{"href":"https:\/\/uran-a-cesko-nemecka-mista-pameti.eu\/index.php?rest_route=\/wp\/v2\/pages"}],"about":[{"href":"https:\/\/uran-a-cesko-nemecka-mista-pameti.eu\/index.php?rest_route=\/wp\/v2\/types\/page"}],"author":[{"embeddable":true,"href":"https:\/\/uran-a-cesko-nemecka-mista-pameti.eu\/index.php?rest_route=\/wp\/v2\/users\/4"}],"replies":[{"embeddable":true,"href":"https:\/\/uran-a-cesko-nemecka-mista-pameti.eu\/index.php?rest_route=%2Fwp%2Fv2%2Fcomments&post=197"}],"version-history":[{"count":7,"href":"https:\/\/uran-a-cesko-nemecka-mista-pameti.eu\/index.php?rest_route=\/wp\/v2\/pages\/197\/revisions"}],"predecessor-version":[{"id":918,"href":"https:\/\/uran-a-cesko-nemecka-mista-pameti.eu\/index.php?rest_route=\/wp\/v2\/pages\/197\/revisions\/918"}],"up":[{"embeddable":true,"href":"https:\/\/uran-a-cesko-nemecka-mista-pameti.eu\/index.php?rest_route=\/wp\/v2\/pages\/150"}],"wp:attachment":[{"href":"https:\/\/uran-a-cesko-nemecka-mista-pameti.eu\/index.php?rest_route=%2Fwp%2Fv2%2Fmedia&parent=197"}],"curies":[{"name":"wp","href":"https:\/\/api.w.org\/{rel}","templated":true}]}}