{"id":491,"date":"2016-10-12T07:37:38","date_gmt":"2016-10-12T07:37:38","guid":{"rendered":"http:\/\/uran-deutsch-tschechischer-erinnerungsort.info\/?page_id=491"},"modified":"2017-03-09T12:01:50","modified_gmt":"2017-03-09T11:01:50","slug":"prameny-a-ukoly-2","status":"publish","type":"page","link":"https:\/\/uran-a-cesko-nemecka-mista-pameti.eu\/?page_id=491","title":{"rendered":"Prameny a \u00fakoly"},"content":{"rendered":"<article class=\"main\">\n<article class=\"main\">\n<p class=\"page-title\"><em><strong>k t\u00e9matu Hornictv\u00ed v Kru\u0161noho\u0159\u00ed \u2013 spole\u010dn\u00e9 d\u011bdictv\u00ed<\/strong><\/em><\/p>\n<ol>\n<li>P\u0159ehled o <strong>v\u00fdvoji hornictv\u00ed v Kru\u0161noho\u0159\u00ed od 12. a\u017e do 20. stolet\u00ed<\/strong><br \/>\npramen: <strong><a title=\"Hornictv\u00ed v Kru\u0161noho\u0159\u00ed \u2013 800 let spole\u010dn\u00e9 d\u011bdictv\u00ed\" href=\"http:\/\/uran-a-cesko-nemecka-mista-pameti.eu\/?p=677\" target=\"_blank\">\u010dasov\u00e1 osa<\/a><\/strong><\/li>\n<li><strong>Um\u011bn\u00ed, hornictv\u00ed a v\u00edra roku 1520<\/strong>, obr\u00e1zky k hornictv\u00ed ve st\u0159edov\u011bku a v novov\u011bku<br \/>\nprameny: <strong><a title=\"olt\u00e1\u0159n\u00ed obraz Hanse Hesse\" href=\"http:\/\/uran-deutsch-tschechischer-erinnerungsort.info\/?p=186\" target=\"_blank\">olt\u00e1\u0159n\u00ed obraz hornick\u00e9ho olt\u00e1\u0159e v Annabergu<\/a><\/strong> i r\u016fzn\u00e9 v\u00fd\u0159ezy z n\u00ed k <a title=\"olt\u00e1\u0159n\u00ed obraz Hanse Hesse\" href=\"http:\/\/uran-deutsch-tschechischer-erinnerungsort.info\/?p=186\" target=\"_blank\"><strong><a class=\"row-title\" title=\"\u201cHornick\u00e1 \u0159emesla kolem roku 1500\u201d bearbeiten\" href=\"http:\/\/uran-deutsch-tschechischer-erinnerungsort.info\/wp-admin\/post.php?post=883&amp;action=edit&amp;lang=cs\">Hornick\u00fdm \u0159emesl\u016fm kolem roku 1500:<\/a><\/strong><br \/>\n<\/a><a title=\"Doly\" href=\"http:\/\/uran-a-cesko-nemecka-mista-pameti.eu\/?p=872\" target=\"_blank\"><strong>Doly<\/strong><\/a> \/<a title=\"To\u010d\u00ed klikou\" href=\"http:\/\/uran-a-cesko-nemecka-mista-pameti.eu\/?p=874\" target=\"_blank\"><strong> To\u010d\u00ed klikou<\/strong><\/a> \/ <a title=\"Mezi t\u011b\u017ebou a \u010di\u0161t\u011bn\u00edm\" href=\"http:\/\/uran-a-cesko-nemecka-mista-pameti.eu\/?p=888\" target=\"_blank\"><strong>Mezi t\u011b\u017ebou a \u010di\u0161t\u011bn\u00edm<\/strong><\/a> \/ <strong><a class=\"row-title\" title=\"K \u010dist\u011bj\u0161\u00ed a ryzej\u0161\u00ed st\u0159\u00edbrn\u00e9 rud\u011b\" href=\"http:\/\/uran-a-cesko-nemecka-mista-pameti.eu\/?p=893\" target=\"_blank\">K \u010dist\u011bj\u0161\u00ed a ryzej\u0161\u00ed st\u0159\u00edbrn\u00e9 rud\u011b<\/a><\/strong> \/ <a title=\"Taven\u00ed rudy ve dvou kroc\u00edch\" href=\"http:\/\/uran-a-cesko-nemecka-mista-pameti.eu\/?p=895\" target=\"_blank\"><strong>Taven\u00ed rudy ve dvou kroc\u00edch<\/strong><\/a> \/ <a title=\"Ra\u017eba pro panovn\u00edka\" href=\"http:\/\/uran-a-cesko-nemecka-mista-pameti.eu\/?p=714\" target=\"_blank\"><strong>Ra\u017eba pro panovn\u00edka<\/strong><\/a><\/li>\n<li>J\u00e1chymovsk\u00fd tolar: <strong>Mince, kter\u00e1 d\u00e1la sv\u00e9 jm\u00e9no tuct\u016fm m\u011bn\u00e1m<\/strong>,<br \/>\nprameny: <strong><a title=\"Mince, kter\u00e1 d\u00e1la sv\u00e9 jm\u00e9no tuct\u016fm m\u011bn\u00e1m\" href=\"http:\/\/uran-a-cesko-nemecka-mista-pameti.eu\/?p=205\" target=\"_blank\">fotografie tolar\u016f <\/a><\/strong><\/li>\n<li><strong>Typicky kru\u0161nohorsk\u00e1<\/strong>: \u0159emesln\u00e1 tradice na obou stran\u00e1ch hranice<br \/>\npramen: <a title=\"\u0159emesln\u00e1 tradice na obou stran\u00e1ch hranice\" href=\"http:\/\/uran-a-cesko-nemecka-mista-pameti.eu\/?p=732\" target=\"_blank\"><strong>pohlednice, kolem roku 1915<\/strong><\/a><\/li>\n<li><strong>Novinka \u2013 uranov\u00e9 p\u0159\u00edsady do barev<\/strong><br \/>\nprameny: <strong><a title=\"Uranov\u00e9 sklo\" href=\"http:\/\/uran-deutsch-tschechischer-erinnerungsort.info\/?p=242\" target=\"_blank\">fotografie uranov\u00e9ho skla a tov\u00e1rny na uranov\u00e9 barvy<\/a><\/strong><\/li>\n<li><span style=\"color: #000000;\"><span style=\"color: #333333;\"><strong>Kde vz\u00edt vzorek uranu<\/strong>?<\/span> Man\u017eel\u00e9 Curieovi pot\u0159ebuj\u00ed J\u00e1chymovk\u00fd uran\u00a0<\/span><br \/>\npramen: <strong><a title=\"Kde vz\u00edt vzorek uranu?\" href=\"http:\/\/uran-a-cesko-nemecka-mista-pameti.eu\/?p=232\" target=\"_blank\">dopis v\u00edde\u0148sk\u00e9mu ministertvu orby, 1898<\/a><\/strong><\/li>\n<li><span style=\"color: #000000;\">Radon pro zdrav\u00ed: <strong>Radonov\u00e9 l\u00e1zn\u011b pro spole\u010denskou smet\u00e1nku<\/strong><br \/>\nprameny: <a title=\"Radon pro zdrav\u00ed: Radonov\u00e9 l\u00e1zn\u011b pro spole\u010denskou smet\u00e1nku\" href=\"http:\/\/uran-a-cesko-nemecka-mista-pameti.eu\/?p=771\" target=\"_blank\"><strong>fotografie osobnost\u00ed v J\u00e1chymov\u011b a pohlednice<\/strong><\/a><\/span><\/li>\n<li><strong>Hornick\u00e1 nemoc \u2013 zdravotn\u00ed riziky z pr\u00e1ce v uranu<\/strong><br \/>\npramen: <strong><a title=\"Zdravotn\u00ed riziky z pr\u00e1ce v uranu\" href=\"http:\/\/uran-deutsch-tschechischer-erinnerungsort.info\/?p=227\" target=\"_blank\">odborn\u00ed rozbor<\/a><\/strong><\/li>\n<li><strong>Kru\u0161noho\u0159\u00ed na cest\u011b do sv\u011btov\u00e9ho d\u011bdictv\u00ed<\/strong><br \/>\npramen: <strong><a title=\"Kru\u0161noho\u0159\u00ed na cest\u011b do sv\u011btov\u00e9ho d\u011bdictv\u00ed\" href=\"http:\/\/uran-deutsch-tschechischer-erinnerungsort.info\/?p=222\" target=\"_blank\">propaga\u010dn\u00ed video<\/a><\/strong><\/li>\n<\/ol>\n<article class=\"main\"><\/article>\n<\/article>\n<\/article>\n","protected":false},"excerpt":{"rendered":"<p>k t\u00e9matu Hornictv\u00ed v Kru\u0161noho\u0159\u00ed \u2013 spole\u010dn\u00e9 d\u011bdictv\u00ed P\u0159ehled o v\u00fdvoji hornictv\u00ed v Kru\u0161noho\u0159\u00ed od 12. a\u017e do 20. stolet\u00ed pramen: \u010dasov\u00e1 osa Um\u011bn\u00ed, hornictv\u00ed a v\u00edra roku 1520, obr\u00e1zky k hornictv\u00ed ve st\u0159edov\u011bku a v novov\u011bku prameny: olt\u00e1\u0159n\u00ed obraz hornick\u00e9ho olt\u00e1\u0159e v Annabergu i r\u016fzn\u00e9 v\u00fd\u0159ezy z n\u00ed k Hornick\u00fdm \u0159emesl\u016fm kolem roku 1500: [&hellip;]<\/p>\n","protected":false},"author":4,"featured_media":0,"parent":150,"menu_order":0,"comment_status":"open","ping_status":"open","template":"","meta":{"footnotes":""},"class_list":["post-491","page","type-page","status-publish","hentry"],"_links":{"self":[{"href":"https:\/\/uran-a-cesko-nemecka-mista-pameti.eu\/index.php?rest_route=\/wp\/v2\/pages\/491","targetHints":{"allow":["GET"]}}],"collection":[{"href":"https:\/\/uran-a-cesko-nemecka-mista-pameti.eu\/index.php?rest_route=\/wp\/v2\/pages"}],"about":[{"href":"https:\/\/uran-a-cesko-nemecka-mista-pameti.eu\/index.php?rest_route=\/wp\/v2\/types\/page"}],"author":[{"embeddable":true,"href":"https:\/\/uran-a-cesko-nemecka-mista-pameti.eu\/index.php?rest_route=\/wp\/v2\/users\/4"}],"replies":[{"embeddable":true,"href":"https:\/\/uran-a-cesko-nemecka-mista-pameti.eu\/index.php?rest_route=%2Fwp%2Fv2%2Fcomments&post=491"}],"version-history":[{"count":10,"href":"https:\/\/uran-a-cesko-nemecka-mista-pameti.eu\/index.php?rest_route=\/wp\/v2\/pages\/491\/revisions"}],"predecessor-version":[{"id":905,"href":"https:\/\/uran-a-cesko-nemecka-mista-pameti.eu\/index.php?rest_route=\/wp\/v2\/pages\/491\/revisions\/905"}],"up":[{"embeddable":true,"href":"https:\/\/uran-a-cesko-nemecka-mista-pameti.eu\/index.php?rest_route=\/wp\/v2\/pages\/150"}],"wp:attachment":[{"href":"https:\/\/uran-a-cesko-nemecka-mista-pameti.eu\/index.php?rest_route=%2Fwp%2Fv2%2Fmedia&parent=491"}],"curies":[{"name":"wp","href":"https:\/\/api.w.org\/{rel}","templated":true}]}}