{"id":518,"date":"2017-02-01T16:23:34","date_gmt":"2017-02-01T15:23:34","guid":{"rendered":"http:\/\/uran-deutsch-tschechischer-erinnerungsort.info\/?page_id=518"},"modified":"2019-01-25T14:36:56","modified_gmt":"2019-01-25T13:36:56","slug":"impresum","status":"publish","type":"page","link":"https:\/\/uran-a-cesko-nemecka-mista-pameti.eu\/?page_id=518","title":{"rendered":"Impresum a kontakt"},"content":{"rendered":"<div class=\"main\">\n<article class=\"teaser\">\n<div class=\"entry-content\">\n<h2><strong>Impresum <\/strong><\/h2>\n<p>Sb\u00edrka p\u0159edkl\u00e1dan\u00fdch didaktizovan\u00fdch a digitalizovan\u00fdch pramen\u016f odpov\u00edd\u00e1 z\u00e1sad\u00e1m multiperspektivity, v\u00edcejazy\u010dnosti a otev\u0159en\u00e9ho p\u0159\u00edstupu k\u00a0v\u011bdeck\u00fdm informac\u00edm. Nesleduje komer\u010dn\u00ed z\u00e1jmy a slou\u017e\u00ed v\u00fdlu\u010dn\u011b pro vzd\u011bl\u00e1vac\u00ed pot\u0159eby.<\/p>\n<p>Koordinace: Dipl.-Kulturwirtin Theresa Langer, Kissing; Dr. Robert Maier, Dr. Robert Maier,<\/p>\n<div class=\"main\">\n<article class=\"teaser\">\n<div class=\"entry-content\">\n<h2><strong>Impresum <\/strong><\/h2>\n<p>Sb\u00edrka p\u0159edkl\u00e1dan\u00fdch didaktizovan\u00fdch a digitalizovan\u00fdch pramen\u016f odpov\u00edd\u00e1 z\u00e1sad\u00e1m multiperspektivity, v\u00edcejazy\u010dnosti a otev\u0159en\u00e9ho p\u0159\u00edstupu k\u00a0v\u011bdeck\u00fdm informac\u00edm. Nesleduje komer\u010dn\u00ed z\u00e1jmy a slou\u017e\u00ed v\u00fdlu\u010dn\u011b pro vzd\u011bl\u00e1vac\u00ed pot\u0159eby.<\/p>\n<p>Koordinace: Dipl.-Kulturwirtin Theresa Langer, Kissing; Dr. Robert Maier, Dr. Robert Maier, <a href=\"http:\/\/www.gei.de\/institut.html\">Institut Georga Eckerta (GEI), Leibnitzov\u00fd institut pro mezin\u00e1rodn\u00ed v\u00fdzkum u\u010debnic<\/a> v\u00a0Braunschweigu<\/p>\n<p>Redakce: Dipl.-Kulturwirtin Theresa Langer<\/p>\n<p>Technick\u00e1 podpora: Odd\u011blen\u00ed DIFI, GEI Braunschweig<\/p>\n<p>Odborn\u00e1 a didaktick\u00e1 spolupr\u00e1ce: \u010clenov\u00e9 <a href=\"http:\/\/www.gei.de\/abteilungen\/europa\/europa-und-der-nationale-faktor\/deutsch-tschechische-schulbuchkommission.html\">\u010cesko-n\u011bmeck\u00e9 komise pro \u0161koln\u00ed u\u010debnice<\/a><\/p>\n<p>P\u0159eklad: Dipl.-Kulturwirtin Theresa Langer; Mgr. Marcel Mahdal, Ostrava; PhD Tom\u00e1\u0161 Bou\u0161ka, Praha, Mgr. Miloslav Man, Praha<\/p>\n<h2><\/h2>\n<h2>Kontakt<\/h2>\n<p>S dotazy a p\u0159ipom\u00ednkami k internetov\u00fdm str\u00e1nk\u00e1m <a href=\"http:\/\/www.uran-deutsch-tschechischer-erinnerungsort.info\">www.uran-deutsch-tschechischer-erinnerungsort.info<\/a> a <a href=\"http:\/\/www.uran-a-cesko-nemecka-mista-pameti.eu\">www.uran-a-cesko-nemecka-mista-pameti.eu<\/a> v\u00e1m pomohou<\/p>\n<p>Dipl.-Kulturwirtin Theresa Langer, redaktorka t\u011bchto webov\u00fdch str\u00e1nek<br \/>\ne-mail: <a href=\"mailto:theresalanger@gmx.de\">theresalanger gmx.de<\/a><\/p>\n<p>nebo<\/p>\n<p>Dr. Robert Maier, vedouc\u00ed odd\u011blen\u00ed \u201cEvropa\u201d, Georg-Eckert-Institut \u2013 Leibniz-Institut f\u00fcr internationale Schulbuchforschung<br \/>\nGeorg Eckert Institute for International Textbook Research. Member of the Leibniz Association<br \/>\nCeller Stra\u00dfe 3, D \u2013 38114 Braunschweig<br \/>\ntelefon +49 (0)531 59099-550, fax +49-531- 5 90 99 99<br \/>\ne-mail: <a href=\"mailto:maier@gei.de\">maier gei.de<\/a> <a href=\"http:\/\/www.gei.de\">http:\/\/www.gei.de<\/a><\/p>\n<\/div>\n<\/article>\n<\/div>\n<p>v\u00a0Braunschweigu<\/p>\n<p>Redakce: Dipl.-Kulturwirtin Theresa Langer<\/p>\n<p>Technick\u00e1 podpora: Odd\u011blen\u00ed DIFI, GEI Braunschweig<\/p>\n<p>Odborn\u00e1 a didaktick\u00e1 spolupr\u00e1ce: \u010clenov\u00e9 <a href=\"http:\/\/www.gei.de\/abteilungen\/europa\/europa-und-der-nationale-faktor\/deutsch-tschechische-schulbuchkommission.html\">\u010cesko-n\u011bmeck\u00e9 komise pro \u0161koln\u00ed u\u010debnice<\/a><\/p>\n<p>P\u0159eklad: Dipl.-Kulturwirtin Theresa Langer; Mgr. Marcel Mahdal, Ostrava; PhD Tom\u00e1\u0161 Bou\u0161ka, Praha, Mgr. Miloslav Man, Praha<\/p>\n<h2><\/h2>\n<h2>Kontakt<\/h2>\n<p>S dotazy a p\u0159ipom\u00ednkami k internetov\u00fdm str\u00e1nk\u00e1m <a href=\"http:\/\/www.uran-deutsch-tschechischer-erinnerungsort.info\">www.uran-deutsch-tschechischer-erinnerungsort.info<\/a> a <a href=\"http:\/\/www.uran-a-cesko-nemecka-mista-pameti.eu\">www.uran-a-cesko-nemecka-mista-pameti.eu<\/a> v\u00e1m pomohou<\/p>\n<p>Dipl.-Kulturwirtin Theresa Langer, redaktorka t\u011bchto webov\u00fdch str\u00e1nek<br \/>\ne-mail: <a href=\"mailto:theresalanger@gmx.de\">theresalanger gmx.de<\/a><\/p>\n<p>nebo<\/p>\n<p>Dr. Robert Maier, vedouc\u00ed odd\u011blen\u00ed \u201cEvropa\u201d, Georg-Eckert-Institut \u2013 Leibniz-Institut f\u00fcr internationale Schulbuchforschung<br \/>\nGeorg Eckert Institute for International Textbook Research. Member of the Leibniz Association<br \/>\nCeller Stra\u00dfe 3, D \u2013 38114 Braunschweig<br \/>\ntelefon +49 (0)531 59099-550, fax +49-531- 5 90 99 99<br \/>\ne-mail: <a href=\"mailto:maier@gei.de\">maier gei.de<\/a> <a href=\"http:\/\/www.gei.de\">http:\/\/www.gei.de<\/a><\/p>\n<\/div>\n<\/article>\n<\/div>\n","protected":false},"excerpt":{"rendered":"<p>Impresum Sb\u00edrka p\u0159edkl\u00e1dan\u00fdch didaktizovan\u00fdch a digitalizovan\u00fdch pramen\u016f odpov\u00edd\u00e1 z\u00e1sad\u00e1m multiperspektivity, v\u00edcejazy\u010dnosti a otev\u0159en\u00e9ho p\u0159\u00edstupu k\u00a0v\u011bdeck\u00fdm informac\u00edm. Nesleduje komer\u010dn\u00ed z\u00e1jmy a slou\u017e\u00ed v\u00fdlu\u010dn\u011b pro vzd\u011bl\u00e1vac\u00ed pot\u0159eby. Koordinace: Dipl.-Kulturwirtin Theresa Langer, Kissing; Dr. Robert Maier, Dr. Robert Maier, Impresum Sb\u00edrka p\u0159edkl\u00e1dan\u00fdch didaktizovan\u00fdch a digitalizovan\u00fdch pramen\u016f odpov\u00edd\u00e1 z\u00e1sad\u00e1m multiperspektivity, v\u00edcejazy\u010dnosti a otev\u0159en\u00e9ho p\u0159\u00edstupu k\u00a0v\u011bdeck\u00fdm informac\u00edm. Nesleduje komer\u010dn\u00ed z\u00e1jmy [&hellip;]<\/p>\n","protected":false},"author":1,"featured_media":0,"parent":0,"menu_order":0,"comment_status":"closed","ping_status":"closed","template":"page-with-bottom-widgets.php","meta":{"footnotes":""},"class_list":["post-518","page","type-page","status-publish","hentry"],"_links":{"self":[{"href":"https:\/\/uran-a-cesko-nemecka-mista-pameti.eu\/index.php?rest_route=\/wp\/v2\/pages\/518","targetHints":{"allow":["GET"]}}],"collection":[{"href":"https:\/\/uran-a-cesko-nemecka-mista-pameti.eu\/index.php?rest_route=\/wp\/v2\/pages"}],"about":[{"href":"https:\/\/uran-a-cesko-nemecka-mista-pameti.eu\/index.php?rest_route=\/wp\/v2\/types\/page"}],"author":[{"embeddable":true,"href":"https:\/\/uran-a-cesko-nemecka-mista-pameti.eu\/index.php?rest_route=\/wp\/v2\/users\/1"}],"replies":[{"embeddable":true,"href":"https:\/\/uran-a-cesko-nemecka-mista-pameti.eu\/index.php?rest_route=%2Fwp%2Fv2%2Fcomments&post=518"}],"version-history":[{"count":14,"href":"https:\/\/uran-a-cesko-nemecka-mista-pameti.eu\/index.php?rest_route=\/wp\/v2\/pages\/518\/revisions"}],"predecessor-version":[{"id":1010,"href":"https:\/\/uran-a-cesko-nemecka-mista-pameti.eu\/index.php?rest_route=\/wp\/v2\/pages\/518\/revisions\/1010"}],"wp:attachment":[{"href":"https:\/\/uran-a-cesko-nemecka-mista-pameti.eu\/index.php?rest_route=%2Fwp%2Fv2%2Fmedia&parent=518"}],"curies":[{"name":"wp","href":"https:\/\/api.w.org\/{rel}","templated":true}]}}