{"id":525,"date":"2017-02-01T17:42:30","date_gmt":"2017-02-01T16:42:30","guid":{"rendered":"http:\/\/uran-deutsch-tschechischer-erinnerungsort.info\/?page_id=525"},"modified":"2017-02-14T11:44:41","modified_gmt":"2017-02-14T10:44:41","slug":"naucna-stezka-jachymovske-peklo","status":"publish","type":"page","link":"https:\/\/uran-a-cesko-nemecka-mista-pameti.eu\/","title":{"rendered":"\u201eJ\u00c1CHYMOVSK\u00c9 PEKLO\u201d"},"content":{"rendered":"<p><em><strong>Pozn\u00e1vac\u00ed v\u00fdlet do minulosti slavn\u00e9ho hornick\u00e9ho m\u011bsta J\u00e1chymov (St. Joachimsthal)<\/strong><\/em><\/p>\n<p><iframe loading=\"lazy\" title=\"Memories of J\u00e1chymov: trail to past\" width=\"500\" height=\"281\" src=\"https:\/\/www.youtube.com\/embed\/GM_-6_qAG4Y?feature=oembed\" frameborder=\"0\" allow=\"accelerometer; autoplay; clipboard-write; encrypted-media; gyroscope; picture-in-picture; web-share\" referrerpolicy=\"strict-origin-when-cross-origin\" allowfullscreen><\/iframe><\/p>\n<p><span style=\"color: #999999;\"><strong>Videopr\u016fvodce po stezce:<\/strong> Filip Vonka \u00a0a Iveta \u0160krabalov\u00e1, 2015: Memories of J\u00e1chymov: trail to past, d\u00e9lka: 10:56 min., nav\u0161t\u00edveno 02.06.2015, zdroj: <a href=\"https:\/\/youtu.be\/GM_-6_qAG4Y\" target=\"_blank\">https:\/\/youtu.be\/GM_-6_qAG4Y<\/a> (08.09.2016). Publikov\u00e1no s laskav\u00fdm souhlasem majitele vlastnick\u00fdch pr\u00e1v: spolek <a href=\"http:\/\/www.politictivezni.cz\/\" target=\"_blank\">Politi\u010dt\u00ed v\u011bzni.cz<\/a>.<br \/>\n<\/span><\/p>\n<h5><strong>V\u00fdukov\u00fd materi\u00e1l<\/strong><\/h5>\n<p>Tento v\u00fdukov\u00fd modul k nov\u011b obnoven\u00e9 nau\u010dn\u00e9 stezce \u201eJ\u00e1chymovsk\u00e9 peklo\u201c z \u010dervna 2015 se zab\u00fdv\u00e1 minulost\u00ed hornick\u00e9ho m\u011bsta J\u00e1chymov v Kru\u0161n\u00fdch hor\u00e1ch. V polovin\u011b 20. stolet\u00ed se v m\u00edstn\u00edch dolech masivn\u011b dob\u00fdvala uranov\u00e1 ruda. Po skon\u010den\u00ed druh\u00e9 sv\u011btov\u00e9 v\u00e1lky zde f\u00e1rali v\u00e1le\u010dn\u00ed, krimin\u00e1ln\u00ed a politi\u010dt\u00ed v\u011bzni komunistick\u00e9ho re\u017eimu, stejn\u011b jako civiln\u00ed zam\u011bstnanci a brig\u00e1dn\u00edci. \u010ceskoslovensko tak z\u00e1sobovalo Sov\u011btsk\u00fd svaz, kter\u00fd z\u00e1vodil v atomov\u00e9m zbrojen\u00ed s USA. \u00a0V\u00fdukov\u00fd modul k nau\u010dn\u00e9 stezce p\u0159edstavuje n\u011bkter\u00e1 jej\u00ed zastaven\u00ed spojen\u00e1 s dosud patrn\u00fdmi stopami po t\u011b\u017eb\u011b, dne\u0161n\u00edmi vzpom\u00ednkov\u00fdmi aktivitami ve m\u011bst\u011b a jeho okol\u00ed a tematizuje \u017eivot a pracovn\u00ed podm\u00ednky b\u00fdval\u00fdch v\u011bz\u0148\u016f.<\/p>\n<p><strong><a title=\"\u00davod: Co se st\u00e1lo v J\u00e1chymov\u011b\" href=\"http:\/\/uran-a-cesko-nemecka-mista-pameti.eu\/?page_id=305\" target=\"_blank\">\u00davodn\u00ed text<\/a><\/strong> poskytuje u\u010ditel\u016fm z\u00e1kladn\u00ed informace na toto t\u00e9ma. <a title=\"Prameny a \u00fakoly\" href=\"http:\/\/uran-a-cesko-nemecka-mista-pameti.eu\/?page_id=310\" target=\"_blank\"><strong>Prameny a pracovn\u00ed \u00fakoly<\/strong><\/a> jsou ur\u010deny pro 16-ti let\u00e9 studenty. Jsou doprov\u00e1zeny kr\u00e1tk\u00fdm komplement\u00e1rn\u00edm analytick\u00fdm textem. P\u0159ehledn\u00e1 <strong>mapa trasy nau\u010dn\u00e9 stezky<\/strong> ukazuje, jak\u00e1 zastaven\u00ed jsou v materi\u00e1lech zahrnuta. <a title=\"Literatura a odkazy\" href=\"http:\/\/uran-a-cesko-nemecka-mista-pameti.eu\/?page_id=552\" target=\"_blank\"><strong>Literatura a souvisej\u00edc\u00ed odkazy<\/strong><\/a> mohou b\u00fdt pou\u017eity pro dal\u0161\u00ed v\u00fdvoj vzd\u011bl\u00e1v\u00e1n\u00ed o tomto t\u00e9matu.<\/p>\n<h5>Autor<\/h5>\n<p>Tom\u00e1\u0161 Bou\u0161ka, Ph.D., spolek <a href=\"http:\/\/www.politictivezni.cz\/\" target=\"_blank\">Politi\u010dt\u00ed v\u011bzni.cz<\/a>, Praha.<\/p>\n<p><a href=\"http:\/\/de.politicalprisoners.eu\/\" target=\"_blank\"><img loading=\"lazy\" decoding=\"async\" class=\"alignnone  wp-image-480\" src=\"http:\/\/uran-deutsch-tschechischer-erinnerungsort.info\/wp-content\/uploads\/2015\/08\/Logos-beschnitten-300x109.png\" alt=\"Logos beschnitten\" width=\"363\" height=\"132\" srcset=\"https:\/\/uran-a-cesko-nemecka-mista-pameti.eu\/wp-content\/uploads\/2015\/08\/Logos-beschnitten-300x109.png 300w, https:\/\/uran-a-cesko-nemecka-mista-pameti.eu\/wp-content\/uploads\/2015\/08\/Logos-beschnitten.png 578w\" sizes=\"auto, (max-width: 363px) 100vw, 363px\" \/><\/a><span style=\"color: #999999;\">Vlevo: Ond\u0159ej Kafka, Kafka Design, Praha, 2015: Logo pro obnovenou nau\u010dnou stezku \u201eJ\u00e1chymovsk\u00e9 peklo\u201d. Vpravo: Logo spolku Politi\u010dt\u00ed v\u011bzni.cz. Publikov\u00e1no s laskav\u00fdm souhlasem majitele vlastnick\u00fdch pr\u00e1v: spolek <a href=\"http:\/\/www.politictivezni.cz\/\" target=\"_blank\">Politi\u010dt\u00ed v\u011bzni.cz<\/a>.<br \/>\n<\/span><\/p>\n","protected":false},"excerpt":{"rendered":"<p>Pozn\u00e1vac\u00ed v\u00fdlet do minulosti slavn\u00e9ho hornick\u00e9ho m\u011bsta J\u00e1chymov (St. Joachimsthal) Videopr\u016fvodce po stezce: Filip Vonka \u00a0a Iveta \u0160krabalov\u00e1, 2015: Memories of J\u00e1chymov: trail to past, d\u00e9lka: 10:56 min., nav\u0161t\u00edveno 02.06.2015, zdroj: https:\/\/youtu.be\/GM_-6_qAG4Y (08.09.2016). Publikov\u00e1no s laskav\u00fdm souhlasem majitele vlastnick\u00fdch pr\u00e1v: spolek Politi\u010dt\u00ed v\u011bzni.cz. V\u00fdukov\u00fd materi\u00e1l Tento v\u00fdukov\u00fd modul k nov\u011b obnoven\u00e9 nau\u010dn\u00e9 stezce \u201eJ\u00e1chymovsk\u00e9 peklo\u201c [&hellip;]<\/p>\n","protected":false},"author":1,"featured_media":0,"parent":0,"menu_order":0,"comment_status":"open","ping_status":"closed","template":"","meta":{"footnotes":""},"class_list":["post-525","page","type-page","status-publish","hentry"],"_links":{"self":[{"href":"https:\/\/uran-a-cesko-nemecka-mista-pameti.eu\/index.php?rest_route=\/wp\/v2\/pages\/525","targetHints":{"allow":["GET"]}}],"collection":[{"href":"https:\/\/uran-a-cesko-nemecka-mista-pameti.eu\/index.php?rest_route=\/wp\/v2\/pages"}],"about":[{"href":"https:\/\/uran-a-cesko-nemecka-mista-pameti.eu\/index.php?rest_route=\/wp\/v2\/types\/page"}],"author":[{"embeddable":true,"href":"https:\/\/uran-a-cesko-nemecka-mista-pameti.eu\/index.php?rest_route=\/wp\/v2\/users\/1"}],"replies":[{"embeddable":true,"href":"https:\/\/uran-a-cesko-nemecka-mista-pameti.eu\/index.php?rest_route=%2Fwp%2Fv2%2Fcomments&post=525"}],"version-history":[{"count":8,"href":"https:\/\/uran-a-cesko-nemecka-mista-pameti.eu\/index.php?rest_route=\/wp\/v2\/pages\/525\/revisions"}],"predecessor-version":[{"id":576,"href":"https:\/\/uran-a-cesko-nemecka-mista-pameti.eu\/index.php?rest_route=\/wp\/v2\/pages\/525\/revisions\/576"}],"wp:attachment":[{"href":"https:\/\/uran-a-cesko-nemecka-mista-pameti.eu\/index.php?rest_route=%2Fwp%2Fv2%2Fmedia&parent=525"}],"curies":[{"name":"wp","href":"https:\/\/api.w.org\/{rel}","templated":true}]}}