{"id":549,"date":"2017-02-02T08:43:07","date_gmt":"2017-02-02T07:43:07","guid":{"rendered":"http:\/\/uran-deutsch-tschechischer-erinnerungsort.info\/?page_id=549"},"modified":"2017-02-02T08:43:07","modified_gmt":"2017-02-02T07:43:07","slug":"ve-vyuce","status":"publish","type":"page","link":"https:\/\/uran-a-cesko-nemecka-mista-pameti.eu\/?page_id=549","title":{"rendered":"Ve v\u00fduce"},"content":{"rendered":"<p>Das Themengebiet<strong> Uran aus der deutsch-tschechischen Grenzregion Erzgebirge<\/strong>\u00a0wird bisher selten im Geschichtsunterricht an deutschen und tschechischen Schulen behandelt. Das sollte nicht so bleiben, denn das Thema f\u00fcgt sich gut in die Lehrpl\u00e4ne der Jahrgangsstufen 9 und 10 \u00a0ein. F\u00fcr das Fach Geschichte, aber auch f\u00fcr Geografie und Physik m\u00f6chten wir die wichtigsten Ankn\u00fcpfungspunkte aufzeigen.<\/p>\n<ul>\n<li><strong>Politische Geschichte<\/strong><\/li>\n<\/ul>\n<p>Deutschland nach Kriegsende \u2013 \u00a0Wirken der sowjetischen Besatzungsmacht\u2013 Kriegsreparationen \u2013 \u00a0Kalter Krieg \u2013 Atomwaffen \u2013 Wettr\u00fcsten \u00a0der USA und der Sowjetunion \u2013 Kommunismus \u2013 Verfolgung politischer Gegner \u2013 Zwangsarbeit in der Uranindustrie \u2013 Arbeitslager<\/p>\n<ul>\n<li><strong>Wirtschaftsgeschichte<\/strong><\/li>\n<\/ul>\n<p>Silberbergbau und Handwerk im Mittelalter \u2013 \u00a0Erzgebirgische Handwerkstraditionen nach dem Niedergang des Bergbaus \u00a0\u2013 Tourismus \u2013 Uranproduktion als Reparationszahlungen (SBZ\/DDR) und als &#8220;Freundschaftsdienst&#8221;\u00a0(\u010cSR\/\u010cSSR) an die Sowjetunion<\/p>\n<ul>\n<li><strong>Umweltgeschichte<\/strong><\/li>\n<\/ul>\n<p>Nutzung und Ausbeutung der Bodensch\u00e4tze Silber, Uran, Radon \u2013 Erkennung von Gefahren f\u00fcr Gesundheit (&#8220;Bergkrankheit&#8221;) und Umwelt sowie der Umgang damit\u00a0 \u2013 Geschichte des Uranabbaus und der Atomkraft<\/p>\n<ul>\n<li><strong>Kulturgeschichte<\/strong><\/li>\n<\/ul>\n<p>Uran\/Radium\/Radon in Forschung, Konsumindustrie und Gesundheitswesen<\/p>\n<ul>\n<li><strong>Erinnerungsgeschichte\/Geschichtskultur<\/strong><\/li>\n<\/ul>\n<p>Umgang mit der Vergangenheit der Region \u2013 \u00a0An welche vergangenen Ereignisse wurde und wird wann, von wem, warum, mit welchem Zweck, an welchem Ort und auf welche Weise (Denkm\u00e4ler, Feste, Museen, Vereinigungen etc.) gedacht? Was wurde und wird vergessen oder verschwiegen und warum?<\/p>\n<ul>\n<li><strong>Regionalgeschichte<\/strong><\/li>\n<\/ul>\n<p>&nbsp;<\/p>\n<p>F\u00fcr eine unterrichtliche Nutzung haben wir einige Einzelthemen aufbereitet. Lehrkr\u00e4fte finden zu jedem davon einen Einf\u00fchrungstext als Sachanalyse mit allen grundlegenden\u00a0 Informationen. Die ausgew\u00e4hlten Quellen und Arbeitsauftr\u00e4ge sind f\u00fcr ca. 16-j\u00e4hrige Sch\u00fcler bestimmt. F\u00fcr die Lehrkr\u00e4fte wurden knappe erg\u00e4nzende Informationen zur den Quellen beigef\u00fcgt. Literatur und Links k\u00f6nnen zur Vertiefung des Themas genutzt werden.<\/p>\n<p><strong>Bisher bearbeitete Einzelthemen<\/strong><\/p>\n<ul>\n<li>Bergbau im Erzgebirge \u2013 gemeinsames Erbe (Zum Teil auch f\u00fcr j\u00fcngere Sch\u00fcler geeignet!)<\/li>\n<li>Im sowjetischen Interesse \u2013 Uranabbau in SBZ\/DDR und CSSR<\/li>\n<li>Lehrpfad \u201cDie H\u00f6lle von J\u00e1chymov\u201d<\/li>\n<li>Zur Kulturgeschichte des Radiums<\/li>\n<\/ul>\n","protected":false},"excerpt":{"rendered":"<p>Das Themengebiet Uran aus der deutsch-tschechischen Grenzregion Erzgebirge\u00a0wird bisher selten im Geschichtsunterricht an deutschen und tschechischen Schulen behandelt. Das sollte nicht so bleiben, denn das Thema f\u00fcgt sich gut in die Lehrpl\u00e4ne der Jahrgangsstufen 9 und 10 \u00a0ein. F\u00fcr das Fach Geschichte, aber auch f\u00fcr Geografie und Physik m\u00f6chten wir die wichtigsten Ankn\u00fcpfungspunkte aufzeigen. Politische [&hellip;]<\/p>\n","protected":false},"author":1,"featured_media":0,"parent":0,"menu_order":0,"comment_status":"open","ping_status":"open","template":"","meta":{"footnotes":""},"class_list":["post-549","page","type-page","status-publish","hentry"],"_links":{"self":[{"href":"https:\/\/uran-a-cesko-nemecka-mista-pameti.eu\/index.php?rest_route=\/wp\/v2\/pages\/549","targetHints":{"allow":["GET"]}}],"collection":[{"href":"https:\/\/uran-a-cesko-nemecka-mista-pameti.eu\/index.php?rest_route=\/wp\/v2\/pages"}],"about":[{"href":"https:\/\/uran-a-cesko-nemecka-mista-pameti.eu\/index.php?rest_route=\/wp\/v2\/types\/page"}],"author":[{"embeddable":true,"href":"https:\/\/uran-a-cesko-nemecka-mista-pameti.eu\/index.php?rest_route=\/wp\/v2\/users\/1"}],"replies":[{"embeddable":true,"href":"https:\/\/uran-a-cesko-nemecka-mista-pameti.eu\/index.php?rest_route=%2Fwp%2Fv2%2Fcomments&post=549"}],"version-history":[{"count":1,"href":"https:\/\/uran-a-cesko-nemecka-mista-pameti.eu\/index.php?rest_route=\/wp\/v2\/pages\/549\/revisions"}],"predecessor-version":[{"id":550,"href":"https:\/\/uran-a-cesko-nemecka-mista-pameti.eu\/index.php?rest_route=\/wp\/v2\/pages\/549\/revisions\/550"}],"wp:attachment":[{"href":"https:\/\/uran-a-cesko-nemecka-mista-pameti.eu\/index.php?rest_route=%2Fwp%2Fv2%2Fmedia&parent=549"}],"curies":[{"name":"wp","href":"https:\/\/api.w.org\/{rel}","templated":true}]}}