{"id":577,"date":"2017-02-14T11:52:45","date_gmt":"2017-02-14T10:52:45","guid":{"rendered":"http:\/\/uran-deutsch-tschechischer-erinnerungsort.info\/?page_id=577"},"modified":"2017-02-15T13:44:15","modified_gmt":"2017-02-15T12:44:15","slug":"mapa-2","status":"publish","type":"page","link":"https:\/\/uran-a-cesko-nemecka-mista-pameti.eu\/?page_id=577","title":{"rendered":"Mapa nau\u010dn\u00e9 stezky"},"content":{"rendered":"<address><a href=\"http:\/\/uran-deutsch-tschechischer-erinnerungsort.info\/wp-content\/uploads\/2015\/10\/Lehrpfadanimation.jpg\"><img loading=\"lazy\" decoding=\"async\" class=\"alignnone wp-image-334\" src=\"http:\/\/uran-deutsch-tschechischer-erinnerungsort.info\/wp-content\/uploads\/2015\/10\/Lehrpfadanimation.jpg\" alt=\"Lehrpfadanimation\" width=\"500\" height=\"410\" srcset=\"https:\/\/uran-a-cesko-nemecka-mista-pameti.eu\/wp-content\/uploads\/2015\/10\/Lehrpfadanimation.jpg 770w, https:\/\/uran-a-cesko-nemecka-mista-pameti.eu\/wp-content\/uploads\/2015\/10\/Lehrpfadanimation-300x246.jpg 300w\" sizes=\"auto, (max-width: 500px) 100vw, 500px\" \/><\/a><span style=\"color: #999999;\">P\u0159ehledn\u00e1 mapa nau\u010dn\u00e9 stezky \u201eJ\u00e1chymovsk\u00e9 peklo\u201c. 8,5 km dlouh\u00e1 trasa vede po \u017elut\u00e9 zna\u010dce. Zdroj: www.mapy.cz. Mapa zpr\u00e1cov\u00e1na Tom\u00e1\u0161em Bou\u0161kou, 2015. Publikov\u00e1no s laskav\u00fdm souhlasem majitele vlastnick\u00fdch pr\u00e1v: www.mapy.cz.<\/span><\/address>\n<h2>Zastaven\u00ed<\/h2>\n<ol>\n<li><a href=\"http:\/\/uran-a-cesko-nemecka-mista-pameti.eu\/?page_id=310\" target=\"_blank\"><strong>N\u00e1m\u011bst\u00ed v J\u00e1chymov\u011b<\/strong><\/a> &#8211; Zasteven\u00ed, ke kter\u00fdm existuj\u00ed prameny a \u00fakoly pro v\u00fduku jsou naps\u00e1na tlust\u00fdm p\u00edsmenem.<\/li>\n<li>D\u016fl Svornost, je\u0161t\u011b v provozu<\/li>\n<li>\u0160tola \u010d. 1, hornick\u00fd skanz\u00e9n<\/li>\n<li><a href=\"http:\/\/uran-a-cesko-nemecka-mista-pameti.eu\/?page_id=310\" target=\"_blank\"><strong>\u201eMauthausensk\u00e9 shody\u201c<\/strong><\/a><\/li>\n<li>T\u00e1bor Svornost s korekc\u00ed<\/li>\n<li>M\u011bstsk\u00fd rybn\u00edk<\/li>\n<li><a href=\"http:\/\/uran-a-cesko-nemecka-mista-pameti.eu\/?page_id=310\" target=\"_blank\"><strong>T\u00e1bor Eduard<\/strong><\/a><\/li>\n<li>B\u00fdval\u00e9 opvn\u011bn\u00ed t\u00e1bora<\/li>\n<li>D\u016fl Eduard<\/li>\n<li>Heinz\u016fv rybn\u00edk<\/li>\n<li><a href=\"http:\/\/uran-a-cesko-nemecka-mista-pameti.eu\/?page_id=310\" target=\"_blank\"><strong>D\u016fl Eli\u00e1\u0161<\/strong><\/a><\/li>\n<li><a href=\"http:\/\/uran-a-cesko-nemecka-mista-pameti.eu\/?page_id=310\" target=\"_blank\"><strong>D\u016fl a t\u00e1bor Rovnost<\/strong><\/a><\/li>\n<\/ol>\n<p><strong>Interaktivn\u00ed mapu nau\u010dn\u00e9 stezky<\/strong> s informacemi o v\u0161ech zastaven\u00edch poskytuj\u00ed tyto webov\u00e9 str\u00e1nky: <strong><a href=\"http:\/\/www.jachymovskepeklo.cz\" target=\"_blank\">www.jachymovskepeklo.cz<\/a><\/strong><\/p>\n<p>Spolek Politi\u010dt\u00ed v\u011bzni.cz m\u016f\u017ee pro v\u00e1s organizovat <strong>p\u0159edn\u00e1\u0161ky, besedy, promit\u00e1n\u00ed film\u016f nebo spole\u010dnou proch\u00e1zku po b\u00fdval\u00fdch uranov\u00fdch t\u00e1borech J\u00e1chymova<\/strong>. Kontakt: info@politicalprisoners.eu<\/p>\n<p><strong>Stru\u010dn\u00fd ti\u0161t\u011bn\u00fd pr\u016fvodce po nau\u010dn\u00e9 stezce <\/strong>lze nakoupit v infocentru m\u011bsta J\u00e1chymov. Kontakt: Informa\u010dn\u00ed centrum, n\u00e1m\u011bst\u00ed Republiky 1, 36251 J\u00e1chymov, \u010cesk\u00e1 republika, Tel. 00420- 353811379, E-Mail: ic-jachymov@volny.cz<\/p>\n<div class=\"notranslate\"><\/div>\n","protected":false},"excerpt":{"rendered":"<p>P\u0159ehledn\u00e1 mapa nau\u010dn\u00e9 stezky \u201eJ\u00e1chymovsk\u00e9 peklo\u201c. 8,5 km dlouh\u00e1 trasa vede po \u017elut\u00e9 zna\u010dce. Zdroj: www.mapy.cz. Mapa zpr\u00e1cov\u00e1na Tom\u00e1\u0161em Bou\u0161kou, 2015. Publikov\u00e1no s laskav\u00fdm souhlasem majitele vlastnick\u00fdch pr\u00e1v: www.mapy.cz. Zastaven\u00ed N\u00e1m\u011bst\u00ed v J\u00e1chymov\u011b &#8211; Zasteven\u00ed, ke kter\u00fdm existuj\u00ed prameny a \u00fakoly pro v\u00fduku jsou naps\u00e1na tlust\u00fdm p\u00edsmenem. D\u016fl Svornost, je\u0161t\u011b v provozu \u0160tola \u010d. 1, [&hellip;]<\/p>\n","protected":false},"author":4,"featured_media":0,"parent":525,"menu_order":0,"comment_status":"open","ping_status":"closed","template":"","meta":{"footnotes":""},"class_list":["post-577","page","type-page","status-publish","hentry"],"_links":{"self":[{"href":"https:\/\/uran-a-cesko-nemecka-mista-pameti.eu\/index.php?rest_route=\/wp\/v2\/pages\/577","targetHints":{"allow":["GET"]}}],"collection":[{"href":"https:\/\/uran-a-cesko-nemecka-mista-pameti.eu\/index.php?rest_route=\/wp\/v2\/pages"}],"about":[{"href":"https:\/\/uran-a-cesko-nemecka-mista-pameti.eu\/index.php?rest_route=\/wp\/v2\/types\/page"}],"author":[{"embeddable":true,"href":"https:\/\/uran-a-cesko-nemecka-mista-pameti.eu\/index.php?rest_route=\/wp\/v2\/users\/4"}],"replies":[{"embeddable":true,"href":"https:\/\/uran-a-cesko-nemecka-mista-pameti.eu\/index.php?rest_route=%2Fwp%2Fv2%2Fcomments&post=577"}],"version-history":[{"count":16,"href":"https:\/\/uran-a-cesko-nemecka-mista-pameti.eu\/index.php?rest_route=\/wp\/v2\/pages\/577\/revisions"}],"predecessor-version":[{"id":610,"href":"https:\/\/uran-a-cesko-nemecka-mista-pameti.eu\/index.php?rest_route=\/wp\/v2\/pages\/577\/revisions\/610"}],"up":[{"embeddable":true,"href":"https:\/\/uran-a-cesko-nemecka-mista-pameti.eu\/index.php?rest_route=\/wp\/v2\/pages\/525"}],"wp:attachment":[{"href":"https:\/\/uran-a-cesko-nemecka-mista-pameti.eu\/index.php?rest_route=%2Fwp%2Fv2%2Fmedia&parent=577"}],"curies":[{"name":"wp","href":"https:\/\/api.w.org\/{rel}","templated":true}]}}